{"id":1394,"date":"2023-03-25T21:05:40","date_gmt":"2023-03-25T21:05:40","guid":{"rendered":"http:\/\/www.dev.whaly-boats.si\/?post_type=product&#038;p=1394"},"modified":"2023-04-13T20:03:55","modified_gmt":"2023-04-13T20:03:55","slug":"propguard","status":"publish","type":"product","link":"http:\/\/www.dev.whaly-boats.si\/index.php\/izdelek\/propguard\/","title":{"rendered":"PROPGUARD"},"content":{"rendered":"<h2>Zakaj PropGuard?<\/h2>\n<h3>Za\u0161\u010ditite svojo dru\u017eino &amp; svoj propeler.<\/h3>\n","protected":false},"excerpt":{"rendered":"<div id=\"comp-ku8oyq93\" class=\"KcpHeO tz5f0K comp-ku8oyq93 wixui-rich-text\" data-testid=\"richTextElement\">\n<h2 class=\"font_2\">Zakaj <span class=\"color_19\">PropGuard<\/span>?<\/h2>\n<\/div>\n<div id=\"comp-ku8oyz9b\" class=\"BaOVQ8 tz5f0K comp-ku8oyz9b wixui-rich-text\" data-testid=\"richTextElement\">\n<h3 class=\"font_3\">Za\u0161\u010ditite svojo dru\u017eino &amp; svoj propeler.<\/h3>\n<p class=\"font_3\">Na\u0161 \u0161\u010ditnik za propeler \u010dolna je varen in zanesljiv na\u010din za za\u0161\u010dito tistih, ki jih imate radi med plovbo.<\/p>\n<p class=\"font_3\">Zagotavlja za\u0161\u010dito propelerja pred po\u0161kodbami le tega in motorja ter za ve\u010djo varnost plavalcev.<\/p>\n<\/div>\n<p style=\"font-weight: 400;\">Uporaba: za vsa plovila, rekreativno in profesionalno uporabo (gasilci, civilna za\u0161\u010dita, potaplja\u010di&#8230;)<\/p>\n<p style=\"font-weight: 400;\">Na voljo razli\u010dne dimenzije glede na mo\u010d motorja:<\/p>\n<p style=\"font-weight: 400;\"><strong>YELLOW 9\u00a0 \u00a0 (9.9-20hp) 235\u20ac<\/strong><\/p>\n<p style=\"font-weight: 400;\"><strong>ORANGE 11\u00a0 (25-35hp)\u00a0 \u00a0 255\u20ac<\/strong><\/p>\n<p style=\"font-weight: 400;\"><strong>BLUE 13\u00a0 \u00a0 \u00a0 \u00a0 (40-65hp)\u00a0 \u00a0330\u20ac<\/strong><\/p>\n<p style=\"font-weight: 400;\"><strong>RED 14\u00a0 \u00a0 \u00a0 \u00a0 \u00a0 (70-100hp)\u00a0 355\u20ac<\/strong><\/p>\n<p style=\"font-weight: 400;\"><strong>BLACK 16\u00a0 \u00a0 (110-350hp) 445\u20ac<\/strong><\/p>\n","protected":false},"featured_media":1318,"comment_status":"open","ping_status":"closed","template":"","meta":[],"product_cat":[26],"product_tag":[],"_links":{"self":[{"href":"http:\/\/www.dev.whaly-boats.si\/index.php\/wp-json\/wp\/v3\/product\/1394"}],"collection":[{"href":"http:\/\/www.dev.whaly-boats.si\/index.php\/wp-json\/wp\/v3\/product"}],"about":[{"href":"http:\/\/www.dev.whaly-boats.si\/index.php\/wp-json\/wp\/v2\/types\/product"}],"replies":[{"embeddable":true,"href":"http:\/\/www.dev.whaly-boats.si\/index.php\/wp-json\/wp\/v2\/comments?post=1394"}],"version-history":[{"count":13,"href":"http:\/\/www.dev.whaly-boats.si\/index.php\/wp-json\/wp\/v3\/product\/1394\/revisions"}],"predecessor-version":[{"id":1754,"href":"http:\/\/www.dev.whaly-boats.si\/index.php\/wp-json\/wp\/v3\/product\/1394\/revisions\/1754"}],"wp:featuredmedia":[{"embeddable":true,"href":"http:\/\/www.dev.whaly-boats.si\/index.php\/wp-json\/wp\/v2\/media\/1318"}],"wp:attachment":[{"href":"http:\/\/www.dev.whaly-boats.si\/index.php\/wp-json\/wp\/v2\/media?parent=1394"}],"wp:term":[{"taxonomy":"product_cat","embeddable":true,"href":"http:\/\/www.dev.whaly-boats.si\/index.php\/wp-json\/wp\/v2\/product_cat?post=1394"},{"taxonomy":"product_tag","embeddable":true,"href":"http:\/\/www.dev.whaly-boats.si\/index.php\/wp-json\/wp\/v2\/product_tag?post=1394"}],"curies":[{"name":"wp","href":"https:\/\/api.w.org\/{rel}","templated":true}]}}