{"id":1556,"date":"2023-03-28T08:26:02","date_gmt":"2023-03-28T08:26:02","guid":{"rendered":"http:\/\/www.dev.whaly-boats.si\/?post_type=product&#038;p=1556"},"modified":"2023-04-13T19:13:57","modified_gmt":"2023-04-13T19:13:57","slug":"whaly-435","status":"publish","type":"product","link":"http:\/\/www.dev.whaly-boats.si\/index.php\/izdelek\/whaly-435\/","title":{"rendered":"Whaly 435 \/ 435PRO"},"content":{"rendered":"<p><span class=\"Y2IQFc\" lang=\"sl\">Whaly 435 je neverjetno robusten \u010doln z dvojno steno, izdelan iz visokokakovostne plastike (polietilen) \u2013 je skoraj nepotopljiv in neuni\u010dljiv. Ta \u010doln ne zahteva vzdr\u017eevanja in je izdelan iz 100 % barvno obstojne plastike. Te specifikacije vas bodo zagotovo prepri\u010dale o njegovi kakovosti.\u00a0<\/span><\/p>\n<p><iframe loading=\"lazy\" title=\"De nieuwe Whaly 435\" width=\"1290\" height=\"726\" src=\"https:\/\/www.youtube.com\/embed\/XYvX2QdfaVg?feature=oembed\" frameborder=\"0\" allow=\"accelerometer; autoplay; clipboard-write; encrypted-media; gyroscope; picture-in-picture; web-share\" allowfullscreen><\/iframe><\/p>\n","protected":false},"excerpt":{"rendered":"<p><span class=\"Y2IQFc\" lang=\"sl\">Whaly 400 je neverjetno robusten \u010doln z dvojno steno, izdelan iz visokokakovostne plastike (polietilen) \u2013 je skoraj nepotopljiv in neuni\u010dljiv. Ta \u010doln ne zahteva vzdr\u017eevanja in je izdelan iz 100 % barvno obstojne plastike. Te specifikacije vas bodo zagotovo prepri\u010dale o njegovi kakovosti. <\/span><\/p>\n<p><span class=\"Y2IQFc\" lang=\"sl\"><strong>435 PRO <\/strong><strong>\u00a0je \u0161e mo\u010dnej\u0161a razli\u010dica<\/strong> in ima v notranjosti penasto plast, zaradi \u010desar je najbolj\u0161a izbira za profesionalno uporabo kot delovni nepotopljiv \u010doln. Poleg tega ima Whaly 435R maksimalno mo\u010d motorja 40 KM, ko je hitrost bistvenega pomena.<\/span><\/p>\n<p style=\"font-weight: 400;\"><b><strong>MATERIJAL<\/strong><\/b>\u00a0Rotacijsko liti politeliten (100% razgradljiv) odporen na UV \u017earke, dvojno dno, izdelan v enem kosu.<\/p>\n<p style=\"font-weight: 400;\"><b><strong>DOL\u017dINA<\/strong><\/b>\u00a04,35 m<\/p>\n<p style=\"font-weight: 400;\"><b><strong>\u0160IRINA<\/strong><\/b>\u00a0 1,73 m<\/p>\n<p style=\"font-weight: 400;\"><b><strong>OS MOTORJA<\/strong><\/b>\u00a0Dolga<\/p>\n<p style=\"font-weight: 400;\"><b><strong>VGREZ<\/strong><\/b>\u00a0 0,52 m<\/p>\n<p style=\"font-weight: 400;\"><b><strong>TE\u017dA<\/strong><\/b>\u00a0 184 kg<\/p>\n<p style=\"font-weight: 400;\"><b><strong>Max. \u0160T. OSEB<\/strong><\/b>\u00a0 8\/12 (notranje vode)\u00a0 PROFESIONAL\u00a06\/10<\/p>\n<p style=\"font-weight: 400;\"><b><strong>Max. NOSILNOST<\/strong><\/b>\u00a0690\/910kg\u00a0(notranje vode) PROFESIONAL\u00a0650\/860kg<\/p>\n<p style=\"font-weight: 400;\"><b><strong>Max. MO\u010c MOTORJA<\/strong><\/b>\u00a022,10 kW \/ 30 HP \/ 40 HP (PROFESIONAL)<\/p>\n<p style=\"font-weight: 400;\"><b>* IZVEDBA PROFESIONAL DNO \u010cOLNA POLNJENO S POSEBNO PENO (NEPOTOPLJIV) CENA 4.150\u20ac z DDV!<\/b><\/p>\n<p style=\"font-weight: 400;\">* KONZOLA VOLAN 200\u20ac<\/p>\n<p style=\"font-weight: 400;\">* KONZOLA KLOP Z PREDALOM 200\u20ac<\/p>\n<p style=\"font-weight: 400;\">* BARVE OSNOVNE: RDE\u010cA, SIVA, TEMNO SIVA, RUMENA, CAPPUCCINO<\/p>\n<p style=\"font-weight: 400;\">* BARVA ZA DOPLA\u010cILO: MARINE MODRA, ORAN\u017dNA, \u010cRNA, TEMNO ZELENA<\/p>\n<p style=\"font-weight: 400;\">* BARVE OSNOVNE PROFESIONAL: RDE\u010cA, RUMENA, TEMNO SIVA<\/p>\n<p style=\"font-weight: 400;\">* BARVE ZA DOPLA\u010cILO: SIVA, MARINE MODRA, ORAN\u017dNA, \u010cRNA, TEMNO ZELENA IN KAPU\u010cINO<\/p>\n<p><a href=\"http:\/\/www.dev.whaly-boats.si\/wp-content\/uploads\/2023\/03\/Flyer_Whaly435R_ENG_2022_NEW.pdf\">LETAK PDF WHALY 435<\/a><\/p>\n<p>&nbsp;<\/p>\n","protected":false},"featured_media":1565,"comment_status":"open","ping_status":"closed","template":"","meta":[],"product_cat":[82,71],"product_tag":[79,77,78],"_links":{"self":[{"href":"http:\/\/www.dev.whaly-boats.si\/index.php\/wp-json\/wp\/v3\/product\/1556"}],"collection":[{"href":"http:\/\/www.dev.whaly-boats.si\/index.php\/wp-json\/wp\/v3\/product"}],"about":[{"href":"http:\/\/www.dev.whaly-boats.si\/index.php\/wp-json\/wp\/v2\/types\/product"}],"replies":[{"embeddable":true,"href":"http:\/\/www.dev.whaly-boats.si\/index.php\/wp-json\/wp\/v2\/comments?post=1556"}],"version-history":[{"count":5,"href":"http:\/\/www.dev.whaly-boats.si\/index.php\/wp-json\/wp\/v3\/product\/1556\/revisions"}],"predecessor-version":[{"id":1560,"href":"http:\/\/www.dev.whaly-boats.si\/index.php\/wp-json\/wp\/v3\/product\/1556\/revisions\/1560"}],"wp:featuredmedia":[{"embeddable":true,"href":"http:\/\/www.dev.whaly-boats.si\/index.php\/wp-json\/wp\/v2\/media\/1565"}],"wp:attachment":[{"href":"http:\/\/www.dev.whaly-boats.si\/index.php\/wp-json\/wp\/v2\/media?parent=1556"}],"wp:term":[{"taxonomy":"product_cat","embeddable":true,"href":"http:\/\/www.dev.whaly-boats.si\/index.php\/wp-json\/wp\/v2\/product_cat?post=1556"},{"taxonomy":"product_tag","embeddable":true,"href":"http:\/\/www.dev.whaly-boats.si\/index.php\/wp-json\/wp\/v2\/product_tag?post=1556"}],"curies":[{"name":"wp","href":"https:\/\/api.w.org\/{rel}","templated":true}]}}