{"id":239,"date":"2022-05-04T14:09:56","date_gmt":"2022-05-04T14:09:56","guid":{"rendered":"https:\/\/demo.creativethemes.com\/blocksy\/gadgets\/?post_type=product&#038;p=239"},"modified":"2023-04-13T20:05:55","modified_gmt":"2023-04-13T20:05:55","slug":"klop-whaly","status":"publish","type":"product","link":"http:\/\/www.dev.whaly-boats.si\/index.php\/izdelek\/klop-whaly\/","title":{"rendered":"Klop Whaly"},"content":{"rendered":"<p>Za ve\u010djo varnost in udobnej\u0161o vo\u017enjo.<\/p>\n<p>Zlo\u017eljiv sede\u017e za model 400 \/ 435 \/ 455 \/500 namestitev nad zadnjo konzolo.<\/p>\n<p>&nbsp;<\/p>\n","protected":false},"excerpt":{"rendered":"<p>Za ve\u010djo varnost in udobnej\u0161o vo\u017enjo.<\/p>\n<p>Zlo\u017eljiv sede\u017e za model 400 \/ 435 \/ 455 \/500 namestitev nad zadnjo konzolo.<\/p>\n<p>&nbsp;<\/p>\n","protected":false},"featured_media":1257,"comment_status":"open","ping_status":"closed","template":"","meta":[],"product_cat":[31],"product_tag":[],"_links":{"self":[{"href":"http:\/\/www.dev.whaly-boats.si\/index.php\/wp-json\/wp\/v3\/product\/239"}],"collection":[{"href":"http:\/\/www.dev.whaly-boats.si\/index.php\/wp-json\/wp\/v3\/product"}],"about":[{"href":"http:\/\/www.dev.whaly-boats.si\/index.php\/wp-json\/wp\/v2\/types\/product"}],"replies":[{"embeddable":true,"href":"http:\/\/www.dev.whaly-boats.si\/index.php\/wp-json\/wp\/v2\/comments?post=239"}],"version-history":[{"count":5,"href":"http:\/\/www.dev.whaly-boats.si\/index.php\/wp-json\/wp\/v3\/product\/239\/revisions"}],"predecessor-version":[{"id":1619,"href":"http:\/\/www.dev.whaly-boats.si\/index.php\/wp-json\/wp\/v3\/product\/239\/revisions\/1619"}],"wp:featuredmedia":[{"embeddable":true,"href":"http:\/\/www.dev.whaly-boats.si\/index.php\/wp-json\/wp\/v2\/media\/1257"}],"wp:attachment":[{"href":"http:\/\/www.dev.whaly-boats.si\/index.php\/wp-json\/wp\/v2\/media?parent=239"}],"wp:term":[{"taxonomy":"product_cat","embeddable":true,"href":"http:\/\/www.dev.whaly-boats.si\/index.php\/wp-json\/wp\/v2\/product_cat?post=239"},{"taxonomy":"product_tag","embeddable":true,"href":"http:\/\/www.dev.whaly-boats.si\/index.php\/wp-json\/wp\/v2\/product_tag?post=239"}],"curies":[{"name":"wp","href":"https:\/\/api.w.org\/{rel}","templated":true}]}}