{"id":259,"date":"2022-05-04T14:27:46","date_gmt":"2022-05-04T14:27:46","guid":{"rendered":"https:\/\/demo.creativethemes.com\/blocksy\/gadgets\/?post_type=product&#038;p=259"},"modified":"2023-04-13T20:04:43","modified_gmt":"2023-04-13T20:04:43","slug":"whaly-500","status":"publish","type":"product","link":"http:\/\/www.dev.whaly-boats.si\/index.php\/izdelek\/whaly-500\/","title":{"rendered":"Whaly 500 \/ 500PRO"},"content":{"rendered":"<p>Whaly 500 je neverjetno robusten \u010doln z dvojno steno, izdelan iz visokokakovostne plastike (polietilen) \u2013 je skoraj nepotopljiv in neuni\u010dljiv. Ta \u010doln ne zahteva vzdr\u017eevanja in je izdelan iz 100 % barvno obstojne plastike.\u00a0Te specifikacije vas bodo zagotovo prepri\u010dale o njegovi kakovosti.<\/p>\n<p><iframe loading=\"lazy\" title=\"Phang Nga Bay Trip. Boat Whaly 500R\" width=\"1290\" height=\"726\" src=\"https:\/\/www.youtube.com\/embed\/Zk-nl8OMg8c?feature=oembed\" frameborder=\"0\" allow=\"accelerometer; autoplay; clipboard-write; encrypted-media; gyroscope; picture-in-picture; web-share\" allowfullscreen><\/iframe><\/p>\n","protected":false},"excerpt":{"rendered":"<p>Whaly 500 je neverjetno robusten \u010doln z dvojno steno, izdelan iz visokokakovostne plastike (polietilen) \u2013 je skoraj nepotopljiv in neuni\u010dljiv. Ta \u010doln ne zahteva vzdr\u017eevanja in je izdelan iz 100 % barvno obstojne plastike.\u00a0Te specifikacije vas bodo zagotovo prepri\u010dale o njegovi kakovosti.<\/p>\n<p style=\"font-weight: 400;\"><b><strong>MATERIJAL<\/strong><\/b>\u00a0Rotacijsko liti politeliten (100% razgradljiv) odporen na UV \u017earke, dvojno dno, izdelan v enem kosu.<\/p>\n<p style=\"font-weight: 400;\"><b><strong>DOL\u017dINA<\/strong><\/b>\u00a04,99 m<\/p>\n<p style=\"font-weight: 400;\"><b><strong>\u0160IRINA<\/strong><\/b>\u00a0 2,10 m<\/p>\n<p style=\"font-weight: 400;\"><b><strong>OS MOTORJA<\/strong><\/b>\u00a0Dolga<\/p>\n<p style=\"font-weight: 400;\"><b><strong>VGREZ<\/strong><\/b>\u00a0 0,52 m<\/p>\n<p style=\"font-weight: 400;\"><b><strong>TE\u017dA<\/strong><\/b>\u00a0 350 kg<\/p>\n<p style=\"font-weight: 400;\"><b><strong>Max. \u0160T. OSEB<\/strong><\/b>\u00a0 10\/12 (notranje vode)<\/p>\n<p style=\"font-weight: 400;\"><b><strong>Max. NOSILNOST<\/strong><\/b>\u00a01.150 kg\/1300kg (notranje vode)<\/p>\n<p style=\"font-weight: 400;\"><b><strong>Max. MO\u010c MOTORJA<\/strong><\/b>\u00a038 kW \/ 50 HP \/ 60 HP (PROFESIONAL)<\/p>\n<p style=\"font-weight: 400;\"><b>* IZVEDBA PROFESIONAL (DNO \u010cOLNA POLNJENO S POSEBNO PENO ZA POKLICNO UPORABO &#8211; NEPOTOPLJIV) CENA 9.350\u20ac z DDV<\/b><\/p>\n<p style=\"font-weight: 400;\"><b>* IZVEDBA 500R80 PROFESIONAL, MO\u017dNOST MAX. MO\u010cI MOTORJA 80HP, 10.050\u20ac<\/b><\/p>\n<p style=\"font-weight: 400;\">* KONZOLA VOLAN 370\u20ac<\/p>\n<p style=\"font-weight: 400;\">* KONZOLA KLOP Z PREDALOM ZADAJ ALI OB STRANEH \u010cOLNA 200\u20ac<\/p>\n<p style=\"font-weight: 400;\">* BARVE OSNOVNE: RDE\u010cA, RUMENA, TEMNO SIVA<\/p>\n<p style=\"font-weight: 400;\">* BARVE ZA DOPLA\u010cILO: SIVA, MODRA, ORAN\u017dNA, \u010cRNA, TEMNO ZELENA IN CAPPUCCINO<\/p>\n<p><a href=\"http:\/\/www.dev.whaly-boats.si\/wp-content\/uploads\/2022\/05\/leaflet_whaly500_eng_2021.pdf\">LETAK WHALY 500<\/a><\/p>\n<p><a href=\"http:\/\/www.dev.whaly-boats.si\/wp-content\/uploads\/2022\/05\/leaflet_whaly500r_eng_2021.pdf\">LETAK WHALY 500PRO<\/a><\/p>\n","protected":false},"featured_media":1256,"comment_status":"open","ping_status":"closed","template":"","meta":[],"product_cat":[85,71],"product_tag":[],"_links":{"self":[{"href":"http:\/\/www.dev.whaly-boats.si\/index.php\/wp-json\/wp\/v3\/product\/259"}],"collection":[{"href":"http:\/\/www.dev.whaly-boats.si\/index.php\/wp-json\/wp\/v3\/product"}],"about":[{"href":"http:\/\/www.dev.whaly-boats.si\/index.php\/wp-json\/wp\/v2\/types\/product"}],"replies":[{"embeddable":true,"href":"http:\/\/www.dev.whaly-boats.si\/index.php\/wp-json\/wp\/v2\/comments?post=259"}],"version-history":[{"count":5,"href":"http:\/\/www.dev.whaly-boats.si\/index.php\/wp-json\/wp\/v3\/product\/259\/revisions"}],"predecessor-version":[{"id":1712,"href":"http:\/\/www.dev.whaly-boats.si\/index.php\/wp-json\/wp\/v3\/product\/259\/revisions\/1712"}],"wp:featuredmedia":[{"embeddable":true,"href":"http:\/\/www.dev.whaly-boats.si\/index.php\/wp-json\/wp\/v2\/media\/1256"}],"wp:attachment":[{"href":"http:\/\/www.dev.whaly-boats.si\/index.php\/wp-json\/wp\/v2\/media?parent=259"}],"wp:term":[{"taxonomy":"product_cat","embeddable":true,"href":"http:\/\/www.dev.whaly-boats.si\/index.php\/wp-json\/wp\/v2\/product_cat?post=259"},{"taxonomy":"product_tag","embeddable":true,"href":"http:\/\/www.dev.whaly-boats.si\/index.php\/wp-json\/wp\/v2\/product_tag?post=259"}],"curies":[{"name":"wp","href":"https:\/\/api.w.org\/{rel}","templated":true}]}}