{"id":673,"date":"2022-05-06T17:41:29","date_gmt":"2022-05-06T17:41:29","guid":{"rendered":"https:\/\/demo.creativethemes.com\/blocksy\/gadgets\/?post_type=product&#038;p=673"},"modified":"2023-04-13T20:04:08","modified_gmt":"2023-04-13T20:04:08","slug":"whaly-270","status":"publish","type":"product","link":"http:\/\/www.dev.whaly-boats.si\/index.php\/izdelek\/whaly-270\/","title":{"rendered":"Whaly 270"},"content":{"rendered":"<p><span class=\"Y2IQFc\" lang=\"sl\"><span class=\"\">Whaly 270 je neverjetno robusten \u010doln z dvojno steno, izdelan iz visokokakovostne plastike (polietilen) \u2013 je skoraj nepotopljiv in neuni\u010dljiv. <\/span><span class=\"\">Ta \u010doln ne zahteva vzdr\u017eevanja in je izdelan iz 100 % barvno obstojne plastike.\u00a0<\/span>Te specifikacije vas bodo zagotovo prepri\u010dale o njegovi kakovosti.<\/span><\/p>\n<p><iframe loading=\"lazy\" title=\"Review: Whaly 270\" width=\"1290\" height=\"726\" src=\"https:\/\/www.youtube.com\/embed\/sZn2BOpPAGs?feature=oembed\" frameborder=\"0\" allow=\"accelerometer; autoplay; clipboard-write; encrypted-media; gyroscope; picture-in-picture; web-share\" allowfullscreen><\/iframe><\/p>\n<p><iframe loading=\"lazy\" title=\"Whaly 270 \u30dd\u30ea\u30a8\u30c1\u30ec\u30f3\u30dc\u30fc\u30c8\u306e\u7d39\u4ecb\" width=\"1290\" height=\"726\" src=\"https:\/\/www.youtube.com\/embed\/7sSbyWKwLLk?feature=oembed\" frameborder=\"0\" allow=\"accelerometer; autoplay; clipboard-write; encrypted-media; gyroscope; picture-in-picture; web-share\" allowfullscreen><\/iframe><\/p>\n","protected":false},"excerpt":{"rendered":"<p id=\"tw-target-text\" class=\"tw-data-text tw-text-large tw-ta\" dir=\"ltr\" data-placeholder=\"Translation\"><span class=\"Y2IQFc\" lang=\"sl\"><span class=\"\">Whaly 210 je neverjetno robusten \u010doln z dvojno steno, izdelan iz visokokakovostne plastike (polietilen) \u2013 je skoraj nepotopljiv in neuni\u010dljiv.\u00a0<\/span><span class=\"\">Ta \u010doln ne zahteva vzdr\u017eevanja in je izdelan iz 100 % barvno obstojne plastike.\u00a0<\/span>Te specifikacije vas bodo zagotovo prepri\u010dale o njegovi kakovosti.<\/span><\/p>\n<p><b><strong>MATERIJAL<\/strong><\/b>\u00a0\u00a0Rotacijsko liti politeliten (100% razgradljiv) odporen na UV \u017earke, dvojno dno, izdelan v eno kosu.<\/p>\n<p style=\"font-weight: 400;\"><b><strong>DOL\u017dINA<\/strong><\/b>\u00a02,70 m<\/p>\n<p style=\"font-weight: 400;\"><b><strong>\u0160IRINA<\/strong><\/b>\u00a0 1,50 m<\/p>\n<p style=\"font-weight: 400;\"><b><strong>OS MOTORJA<\/strong><\/b>\u00a0Kratka<\/p>\n<p style=\"font-weight: 400;\"><b><strong>VGREZ<\/strong><\/b>\u00a0 0,42 m<\/p>\n<p style=\"font-weight: 400;\"><b><strong>TE\u017dA<\/strong><\/b>\u00a0 72 kg<\/p>\n<p style=\"font-weight: 400;\"><b><strong>Max. \u0160T. OSEB<\/strong><\/b>\u00a0 3\/5 (notranje vode)<\/p>\n<p style=\"font-weight: 400;\"><b><strong>Max. NOSILNOST<\/strong><\/b>\u00a0356 kg\/356kg (notranje vode)<\/p>\n<p style=\"font-weight: 400;\"><b><strong>Max. MO\u010c MOTORJA<\/strong><\/b>\u00a05,9 kW \/ 8 HP<\/p>\n<p style=\"font-weight: 400;\">* BARVE OSNOVNE: RDE\u010cA, SIVA, BELA, MODRA, TEMNO SIVA, CAPPUCCINO<\/p>\n<p style=\"font-weight: 400;\">* BARVE ZA DOPLA\u010cILO: ORAN\u017dNA, RUMENA, \u010cRNA, TEMNO ZELENA<\/p>\n<p><a href=\"http:\/\/www.dev.whaly-boats.si\/wp-content\/uploads\/2022\/05\/leaflet_whaly270_eng_2018.pdf\">LETAK PDF WHALY 270<\/a><\/p>\n","protected":false},"featured_media":1701,"comment_status":"open","ping_status":"closed","template":"","meta":[],"product_cat":[83,71],"product_tag":[],"_links":{"self":[{"href":"http:\/\/www.dev.whaly-boats.si\/index.php\/wp-json\/wp\/v3\/product\/673"}],"collection":[{"href":"http:\/\/www.dev.whaly-boats.si\/index.php\/wp-json\/wp\/v3\/product"}],"about":[{"href":"http:\/\/www.dev.whaly-boats.si\/index.php\/wp-json\/wp\/v2\/types\/product"}],"replies":[{"embeddable":true,"href":"http:\/\/www.dev.whaly-boats.si\/index.php\/wp-json\/wp\/v2\/comments?post=673"}],"version-history":[{"count":5,"href":"http:\/\/www.dev.whaly-boats.si\/index.php\/wp-json\/wp\/v3\/product\/673\/revisions"}],"predecessor-version":[{"id":1760,"href":"http:\/\/www.dev.whaly-boats.si\/index.php\/wp-json\/wp\/v3\/product\/673\/revisions\/1760"}],"wp:featuredmedia":[{"embeddable":true,"href":"http:\/\/www.dev.whaly-boats.si\/index.php\/wp-json\/wp\/v2\/media\/1701"}],"wp:attachment":[{"href":"http:\/\/www.dev.whaly-boats.si\/index.php\/wp-json\/wp\/v2\/media?parent=673"}],"wp:term":[{"taxonomy":"product_cat","embeddable":true,"href":"http:\/\/www.dev.whaly-boats.si\/index.php\/wp-json\/wp\/v2\/product_cat?post=673"},{"taxonomy":"product_tag","embeddable":true,"href":"http:\/\/www.dev.whaly-boats.si\/index.php\/wp-json\/wp\/v2\/product_tag?post=673"}],"curies":[{"name":"wp","href":"https:\/\/api.w.org\/{rel}","templated":true}]}}